{"id":2,"date":"2024-02-06T16:27:26","date_gmt":"2024-02-06T15:27:26","guid":{"rendered":"https:\/\/avio-sostenibilita2022.withub.it\/?page_id=2"},"modified":"2025-01-30T10:58:20","modified_gmt":"2025-01-30T09:58:20","slug":"home","status":"publish","type":"page","link":"https:\/\/avio-sostenibilita2022.withub.it\/it\/","title":{"rendered":"Home"},"content":{"rendered":"<div class=\"wpb-content-wrapper\"><p>[vc_row full_width=&#8221;stretch_row&#8221; el_id=&#8221;home&#8221; css=&#8221;.vc_custom_1714123586443{background-image: url(https:\/\/avio-sostenibilita2022.withub.it\/wp-content\/uploads\/2024\/03\/bg_2.jpg?id=133) !important;}&#8221;][vc_column][vc_row_inner][vc_column_inner][vc_empty_space height=&#8221;64px&#8221;][vc_column_text el_class=&#8221;title&#8221;]<\/p>\n<h1>Dichiarazione Consolidata<br \/>\ndi carattere non finanziario<br \/>\n2023<\/h1>\n<p>[\/vc_column_text][\/vc_column_inner][\/vc_row_inner][\/vc_column][\/vc_row][vc_row css_animation=&#8221;fadeInUp&#8221; el_class=&#8221;text-obiettivi&#8221; el_id=&#8221;obiettivi&#8221;][vc_column][vc_empty_space height=&#8221;64px&#8221;][vc_column_text]<\/p>\n<h2>Gli obiettivi<\/h2>\n<p>[\/vc_column_text][vc_row_inner][vc_column_inner width=&#8221;1\/12&#8243;][\/vc_column_inner][vc_column_inner width=&#8221;5\/12&#8243;][vc_column_text css=&#8221;&#8221;]La <strong>Dichiarazione Consolidata di carattere non finanziario<\/strong>, giunta alla 7\u00b0 edizione e per la seconda volta integrata alla Relazione Finanziaria Annuale, ha l\u2019obiettivo di comunicare in modo trasparente le <strong>strategie di sostenibilit\u00e0 del Gruppo Avio<\/strong> relative alle <strong>performance in ambito Ambientale, Sociale e di Governance (ESG)<\/strong>.<\/p>\n<p>[\/vc_column_text][\/vc_column_inner][vc_column_inner width=&#8221;5\/12&#8243;][vc_column_text]<\/p>\n<h3>NEL REPORT SONO DESCRITTE:<\/h3>\n<ul>\n<li>le principali <strong>politiche praticate dall\u2019impresa, i modelli di gestione e i risultati conseguiti<\/strong> dalla societ\u00e0 nel 2023 relativamente ai temi ESG &#8211; Environmental, Social e Governance;<\/li>\n<li>i principali <strong>rischi<\/strong> identificati, generati o subiti, connessi ai suddetti temi e le relative modalit\u00e0 di gestione;<\/li>\n<li>i principali <strong>impatti positivi e negativi<\/strong> potenziali ed effettivi.<\/li>\n<\/ul>\n<p>[\/vc_column_text][\/vc_column_inner][vc_column_inner width=&#8221;1\/12&#8243;][\/vc_column_inner][\/vc_row_inner][vc_empty_space height=&#8221;48px&#8221;][\/vc_column][\/vc_row][vc_row full_width=&#8221;stretch_row&#8221; css_animation=&#8221;fadeInUp&#8221;][vc_column width=&#8221;1\/6&#8243;][\/vc_column][vc_column width=&#8221;2\/3&#8243; el_class=&#8221;box-blue&#8221; css=&#8221;.vc_custom_1710280738713{background-color: #052f48 !important;}&#8221;][vc_empty_space height=&#8221;16px&#8221;][vc_column_text css=&#8221;&#8221;]La DNF comprende i dati della <strong>Societ\u00e0 madre (Avio S.p.A.)<\/strong> e delle sue Societ\u00e0 figlie consolidate integralmente. Il processo di rendicontazione ha <strong>cadenza annuale<\/strong> e la DNF \u00e8 soggetta a <strong>verifica, analisi e approvazione da parte del Consiglio di Amministrazione previo parere favorevole del Comitato Sostenibilit\u00e0<\/strong>.<\/p>\n<h3><span style=\"color: #5aa3d0;\">METODOLOGIA<\/span><\/h3>\n<p>Viene redatta in conformit\u00e0 ai \u201c<em>Global Reporting Initiative Sustainability Reporting Standards<\/em>\u201d, attraverso l\u2019elaborazione del principio di materialit\u00e0 o<br \/>\nrilevanza, definiti dal Global Reporting Initiative (GRI), nella loro pi\u00f9 recente versione.[\/vc_column_text][vc_empty_space height=&#8221;16px&#8221;][\/vc_column][vc_column width=&#8221;1\/6&#8243;][\/vc_column][\/vc_row][vc_row full_width=&#8221;stretch_row&#8221;][vc_column][vc_empty_space height=&#8221;48px&#8221;][\/vc_column][\/vc_row][vc_row full_width=&#8221;stretch_row&#8221; css_animation=&#8221;fadeInUp&#8221; el_class=&#8221;text-white&#8221; css=&#8221;.vc_custom_1710415117942{background: #02070d url(https:\/\/avio-sostenibilita2022.withub.it\/wp-content\/uploads\/2024\/03\/desktop.png?id=167) !important;background-position: center !important;background-repeat: no-repeat !important;background-size: cover !important;}&#8221; el_id=&#8221;stakeholder&#8221;][vc_column][vc_empty_space height=&#8221;64px&#8221;][vc_column_text]<\/p>\n<h2>I NOSTRI STAKEHOLDER<\/h2>\n<p>[\/vc_column_text][vc_row_inner][vc_column_inner offset=&#8221;vc_hidden-lg vc_hidden-md vc_hidden-sm&#8221;][vc_empty_space height=&#8221;20vh&#8221;][\/vc_column_inner][\/vc_row_inner][vc_row_inner][vc_column_inner width=&#8221;1\/12&#8243;][\/vc_column_inner][vc_column_inner width=&#8221;4\/12&#8243;][vc_column_text]Avio considera i propri stakeholder uno dei <strong>pilastri<\/strong><br \/>\n<strong>fondanti dell\u2019azienda<\/strong>.<\/p>\n<p>Per questo, attraverso funzioni dedicate, persegue un approccio proattivo nei confronti degli interlocutori con cui si rapporta, recependone le esigenze e adottando pratiche di coinvolgimento diversificate orientate <strong>all\u2019inclusione, alla trasparenza, all\u2019equit\u00e0, all\u2019attenzione degli aspetti etici, ambientali e sociali<\/strong> e alla coerenza rispetto alle attivit\u00e0 del Gruppo.[\/vc_column_text][\/vc_column_inner][vc_column_inner width=&#8221;6\/12&#8243;][\/vc_column_inner][vc_column_inner width=&#8221;1\/12&#8243;][\/vc_column_inner][\/vc_row_inner][vc_empty_space height=&#8221;48px&#8221; el_class=&#8221;fregio&#8221;][\/vc_column][\/vc_row][vc_row full_width=&#8221;stretch_row&#8221; css_animation=&#8221;fadeInUp&#8221; el_class=&#8221;text-obiettivi&#8221; el_id=&#8221;temi-materiali&#8221;][vc_column][vc_empty_space height=&#8221;64px&#8221;][vc_column_text]<\/p>\n<h2>I TEMI MATERIALI<\/h2>\n<p>[\/vc_column_text][vc_empty_space][vc_row_inner][vc_column_inner width=&#8221;1\/6&#8243;][\/vc_column_inner][vc_column_inner el_class=&#8221;box-blue text-uppercase&#8221; width=&#8221;2\/3&#8243; css=&#8221;.vc_custom_1710285385218{background-color: #052f48 !important;}&#8221;][vc_empty_space height=&#8221;16px&#8221;][vc_column_text]AVIO \u00e8 IMPEGNATA OGNI GIORNO PER <strong>GARANTIRE LA SOSTENIBILIT\u00e0 DEI PROCESSI PRODUTTIVI<\/strong> E LA <strong>SALVAGUARDIA DELL\u2019AMBIENTE<\/strong>[\/vc_column_text][vc_empty_space height=&#8221;16px&#8221;][\/vc_column_inner][vc_column_inner width=&#8221;1\/6&#8243;][\/vc_column_inner][\/vc_row_inner][vc_empty_space height=&#8221;48px&#8221;][vc_row_inner][vc_column_inner width=&#8221;1\/12&#8243;][\/vc_column_inner][vc_column_inner width=&#8221;5\/12&#8243;][vc_column_text]Per l\u2019individuazione delle <strong>priorit\u00e0 strategiche di sostenibilit\u00e0<\/strong> nel 2023 Avio ha aggiornato l\u2019<strong>analisi di materialit\u00e0<\/strong>, volta a identificare i temi materiali, ovvero quei temi rilevanti dal punto di vista <strong>economico, ambientale, sociale<\/strong> e <strong>di governance per il Gruppo<\/strong> e i suoi <strong>stakeholder<\/strong>, che hanno un impatto significativo per la Societ\u00e0.<\/p>\n<p>Nel 2023, Avio ha proseguito nell\u2019attivit\u00e0 di allineamento dell\u2019analisi di materialit\u00e0 secondo i requisiti dei nuovi <strong>GRI Universal Standards<\/strong>, partendo da una identificazione degli <strong>impatti, positivi e negativi<\/strong> connessi alle proprie attivit\u00e0 di business.[\/vc_column_text][\/vc_column_inner][vc_column_inner width=&#8221;5\/12&#8243;][vc_column_text css=&#8221;&#8221;]<\/p>\n<h3>IL NUOVO PROCESSO:<\/h3>\n<ul>\n<li><strong>Identificazione<\/strong> degli impatti economici, sociali e ambientali del business di Avio collegati ai tempi materiali.<\/li>\n<li><strong>Identificazione<\/strong> degli stakeholders prioritari per le attivit\u00e0 e i rapporti di business della Societ\u00e0.<br \/>\nValutazione degli impatti identificati attraverso un processo di Stakeholder<\/li>\n<li><strong>Engagement<\/strong> al fine di valutarne la significativit\u00e0 positiva e negativa per ogni tema materiale considerato.<\/li>\n<li><strong>Aggiornamento<\/strong> della Matrice di Materialit\u00e0 2023 attraverso la combinazione delle risposte pervenute dalla survey.<\/li>\n<li><strong>Approvazione<\/strong> della Matrice di Materialit\u00e0 2023 da parte del Consiglio di Amministrazione, previo parere favorevole del Comitato Sostenibilit\u00e0.<\/li>\n<\/ul>\n<p>[\/vc_column_text][\/vc_column_inner][vc_column_inner width=&#8221;1\/12&#8243;][\/vc_column_inner][\/vc_row_inner][vc_empty_space height=&#8221;48px&#8221;][\/vc_column][\/vc_row][vc_row full_width=&#8221;stretch_row&#8221; css_animation=&#8221;fadeInUp&#8221; el_class=&#8221;text-obiettivi text-white&#8221; el_id=&#8221;impegno&#8221; css=&#8221;.vc_custom_1714123240771{background-color: #000000 !important;}&#8221;][vc_column width=&#8221;1\/2&#8243;][vc_empty_space height=&#8221;64px&#8221;][vc_column_text]<\/p>\n<h2>IL NOSTRO IMPEGNO<\/h2>\n<p>[\/vc_column_text][vc_empty_space][vc_row_inner][vc_column_inner width=&#8221;2\/12&#8243;][\/vc_column_inner][vc_column_inner width=&#8221;10\/12&#8243;][vc_column_text]Nel 2021 il Gruppo Avio ha redatto una <strong>Politica di Sostenibilit\u00e0<\/strong> tracciando un percorso concreto per l\u2019integrazione della sostenibilit\u00e0 nel business:<br \/>\ni principali obiettivi su cui si fonda, in linea con i <em><strong>Sustainable Development Goals<\/strong><\/em> (SDGs) dell\u2019Agenda 2030 delle Nazioni Unite, sono la <strong>tecnologia<\/strong> e <strong>l\u2019innovazione<\/strong>, cuore del core business del Gruppo Avio.<\/p>\n<p>L\u2019attenzione \u00e8 focalizzata sui temi in relazione ai quali Avio pu\u00f2 dare un contributo concreto e significativo allo sviluppo sostenibile per definire <strong>linee di azione specifiche<\/strong> utili a supportare e valorizzare il business.[\/vc_column_text][\/vc_column_inner][\/vc_row_inner][\/vc_column][vc_column width=&#8221;1\/2&#8243;][vc_single_image image=&#8221;204&#8243; img_size=&#8221;full&#8221; alignment=&#8221;right&#8221; css_animation=&#8221;fadeIn&#8221;][\/vc_column][\/vc_row][vc_row full_width=&#8221;stretch_row&#8221; css_animation=&#8221;fadeInUp&#8221; css=&#8221;.vc_custom_1714147206347{background-color: #000000 !important;}&#8221;][vc_column][vc_empty_space height=&#8221;48px&#8221; el_class=&#8221;fregio&#8221;][\/vc_column][\/vc_row][vc_row full_width=&#8221;stretch_row&#8221;][vc_column][vc_empty_space][\/vc_column][\/vc_row][vc_row full_width=&#8221;stretch_row&#8221; css_animation=&#8221;fadeInUp&#8221;][vc_column width=&#8221;1\/6&#8243;][\/vc_column][vc_column width=&#8221;2\/3&#8243; el_class=&#8221;box-blue&#8221; css=&#8221;.vc_custom_1710282081041{background-color: #052f48 !important;}&#8221;][vc_empty_space height=&#8221;16px&#8221;][vc_column_text]Avio vuole distinguersi come<strong> leader nello sviluppo tecnologico e nell\u2019innovazione<\/strong>, anche attraverso prodotti e servizi all\u2019avanguardia.<br \/>\nLo sviluppo tecnologico intende massimizzare l\u2019impatto positivo delle attivit\u00e0 del Gruppo su <strong>tre dimensioni<\/strong> correlate agli SDGs.<br \/>\nTra gli obiettivi su cui si fonda la Politica di Sostenibilit\u00e0, in linea con gli SDGs, Avio mira soprattutto allo <strong>sviluppo di uno spazio pi\u00f9 pulito<\/strong> [SDG 9], a una <strong>maggiore osservazione della terra per uno sviluppo sostenibile<\/strong> [SDGs 13 e 15] e al supporto della vita nello spazio [SDG 17].[\/vc_column_text][vc_empty_space height=&#8221;16px&#8221;][\/vc_column][vc_column width=&#8221;1\/6&#8243;][\/vc_column][\/vc_row][vc_row full_width=&#8221;stretch_row&#8221;][vc_column][vc_empty_space height=&#8221;48px&#8221;][\/vc_column][\/vc_row][vc_row full_width=&#8221;stretch_row&#8221; css_animation=&#8221;fadeInUp&#8221; el_class=&#8221;text-obiettivi&#8221; el_id=&#8221;sdgs&#8221;][vc_column][vc_empty_space height=&#8221;64px&#8221;][vc_column_text]<\/p>\n<h2>OBIETTIVI SDGS<\/h2>\n<p>[\/vc_column_text][\/vc_column][\/vc_row][vc_row full_width=&#8221;stretch_row&#8221; css_animation=&#8221;fadeInUp&#8221;][vc_column width=&#8221;1\/12&#8243;][\/vc_column][vc_column width=&#8221;5\/6&#8243;][vc_tta_accordion color=&#8221;white&#8221; active_section=&#8221;1&#8243; no_fill=&#8221;true&#8221; el_class=&#8221;goal-accordion icons&#8221;][vc_tta_section title=&#8221;GOAL 4&#8243; tab_id=&#8221;1710236408559-99f87d11-9c5d&#8221; el_class=&#8221;goal-4&#8243;][vc_column_text]Tra le iniziative pi\u00f9 significative e rilevanti in tema di Gender Inclusionc\u2019\u00e8 l\u2019adesione all\u2019Associazione Valore D, la prima associazione di imprese che <strong>promuove l\u2019equilibrio di genere e una cultura inclusiva<\/strong> per la crescita del Paese. Avio ha, inoltre, organizzato l\u2019evento \u201cAVIO4WOMEN\u201d per la crescita e la valorizzazione delle donne in AVIO.[\/vc_column_text][\/vc_tta_section][vc_tta_section title=&#8221;GOAL 8&#8243; tab_id=&#8221;1710236408601-954e93ff-5bdf&#8221; el_class=&#8221;goal-8&#8243;][vc_column_text]In tema di salute e sicurezza sul lavoro e prevenzione di incidenti rilevanti e ambiente, Avio \u00e8 compliant alle normative vigenti nell\u2019ottica di tutelare e assicurare un <strong>ambiente di lavoro sicuro e una business continuity<\/strong>.[\/vc_column_text][\/vc_tta_section][vc_tta_section title=&#8221;GOAL 9&#8243; tab_id=&#8221;1710236467111-ee43b27c-42b8&#8243; el_class=&#8221;goal-9&#8243;][vc_column_text]Avio vuole diventare uno dei maggiori contributori, a livello internazionale, alle missioni di <strong>rimozione di detriti spaziali<\/strong>, la cui presenza risulta potenzialmente pericolosa perch\u00e9 aumenta la probabilit\u00e0 di collisioni con i satelliti.[\/vc_column_text][\/vc_tta_section][vc_tta_section title=&#8221;GOAL 13 E 15&#8243; tab_id=&#8221;1710236468570-514d0e58-fe38&#8243; el_class=&#8221;goal-13&#8243;][vc_column_text]La tecnologia dei satelliti \u00e8 cruciale per le attivit\u00e0 di <strong>osservazione del pianeta Terra<\/strong>: tra i satelliti che si trovano in orbita geostazionaria, il 27% raccoglie dati necessari per una molteplicit\u00e0 di scopi, tra cui la sicurezza alimentare di aree a rischio, l\u2019osservazione dei <strong>cambiamenti degli ecosistemi<\/strong>, la mappatura degli <strong>effetti dei cambiamenti climatici<\/strong>, etc.[\/vc_column_text][\/vc_tta_section][vc_tta_section title=&#8221;GOAL 16&#8243; tab_id=&#8221;1710236514321-3c2d7f8c-4b95&#8243; el_class=&#8221;goal-16&#8243;][vc_column_text css=&#8221;&#8221;]Avio si impegna a contribuire alla <strong>lotta alla corruzione<\/strong> attraverso pratiche e politiche che implementano una cultura della trasparenza e dell\u2019anticorruzione.[\/vc_column_text][\/vc_tta_section][vc_tta_section title=&#8221;GOAL 17&#8243; tab_id=&#8221;1714120075775-66000795-e2e2&#8243; el_class=&#8221;goal-17&#8243;][vc_column_text]Avio aspira a diventare un interlocutore di riferimento per la promozione di un <strong>paradigma di <em>open innovation<\/em><\/strong> funzionale a massimizzare le sinergie con i produttori di satelliti e con i centri di ricerca per lo sviluppo di tecnologie di osservazione della Terra. Inoltre, ha co-firmato la <strong>\u201cDichiarazione per un Settore Spaziale Responsabile\u201d<\/strong> con altri industriali e rappresentanti della Comunit\u00e0 Spaziale Europea (2022), il cui obiettivo \u00e8 <strong>fornire una base per lo sviluppo sostenibile<\/strong> del settore spaziale e aumentare il <strong>contributo delle attivit\u00e0 spaziali<\/strong> a beneficio della societ\u00e0.[\/vc_column_text][\/vc_tta_section][\/vc_tta_accordion][vc_empty_space height=&#8221;48px&#8221;][\/vc_column][vc_column width=&#8221;1\/12&#8243;][\/vc_column][\/vc_row][vc_row full_width=&#8221;stretch_row&#8221; css_animation=&#8221;fadeInUp&#8221; el_class=&#8221;text-white&#8221; el_id=&#8221;esg&#8221; css=&#8221;.vc_custom_1714123230313{background-image: url(https:\/\/avio-sostenibilita2022.withub.it\/wp-content\/uploads\/2024\/03\/desktop-2.png?id=171) !important;background-position: center !important;background-repeat: no-repeat !important;background-size: cover !important;}&#8221;][vc_column][vc_empty_space height=&#8221;64px&#8221;][vc_column_text]<\/p>\n<h2>ESG<\/h2>\n<p>[\/vc_column_text][vc_empty_space height=&#8221;48px&#8221; el_class=&#8221;flex-grow&#8221;][vc_row_inner][vc_column_inner width=&#8221;1\/12&#8243;][\/vc_column_inner][vc_column_inner width=&#8221;5\/12&#8243;][vc_column_text]Avio ha l\u2019obiettivo di creare un domani migliore, pi\u00f9 <strong>sostenibile per le generazioni future<\/strong>. Per questo ha deciso di ispirarsi ai <strong>17 <em>Global Goals<\/em> per lo sviluppo sostenibile<\/strong> delle Nazioni Unite, proseguendo nel suo percorso verso il <strong>progresso sostenibile<\/strong> attraverso l\u2019adozione di una strategia integrata, in grado di coniugare <strong>tutela dell\u2019ambiente, sociale e di governance<\/strong> unitamente ad una sana crescita economica.[\/vc_column_text][\/vc_column_inner][vc_column_inner width=&#8221;5\/12&#8243;][vc_column_text]Nel suo modello di impresa, Avio considera la sostenibilit\u00e0 un principio fondamentale che concorre alla definizione delle scelte strategiche e operative del Gruppo e garantisce, nel lungo periodo, una crescita coerente con i principi di <strong>rispetto dell\u2019ambiente, di valorizzazione delle persone, di interazione positiva con i territori e le comunit\u00e0 in cui opera<\/strong>.[\/vc_column_text][\/vc_column_inner][vc_column_inner width=&#8221;1\/12&#8243;][\/vc_column_inner][\/vc_row_inner][\/vc_column][\/vc_row][vc_row full_width=&#8221;stretch_row&#8221; css_animation=&#8221;fadeInUp&#8221; css=&#8221;.vc_custom_1714147221035{background-color: #000000 !important;}&#8221;][vc_column][vc_empty_space height=&#8221;48px&#8221; el_class=&#8221;fregio&#8221;][\/vc_column][\/vc_row][vc_row full_width=&#8221;stretch_row&#8221; css_animation=&#8221;none&#8221;][vc_column width=&#8221;1\/12&#8243;][\/vc_column][vc_column width=&#8221;5\/6&#8243;][vc_empty_space height=&#8221;48px&#8221;][vc_tta_accordion color=&#8221;white&#8221; active_section=&#8221;1&#8243; no_fill=&#8221;true&#8221; el_class=&#8221;goal-accordion no-icons&#8221;][vc_tta_section title=&#8221;ENVIRONMENTAL&#8221; tab_id=&#8221;1710240361929-4f036605-fb2b&#8221; el_class=&#8221;env-1&#8243;][vc_row_inner][vc_column_inner width=&#8221;1\/2&#8243;][vc_column_text css=&#8221;&#8221;]Il Gruppo Avio si \u00e8 dotato da diversi anni di una <strong>Politica Ambientale<\/strong> che, oltre a rispettare tutte le prescrizioni legislative e altri requisiti normativi applicabili, formalizza l\u2019impegno dell\u2019azienda a <strong>migliorare continuamente le proprie prestazioni ambientali<\/strong>, riducendo al minimo l\u2019impatto del proprio sito produttivo e delle proprie strutture.<\/p>\n<p>Nel 2023 il Gruppo ha generato complessivamente rifiuti per <strong>1.245,82 tonnellate<\/strong> di cui <strong>222,99 <\/strong>tonnellate <strong>(vs 518,73 del 2022) <\/strong>relative a<strong> rifiuti pericolosi e 1022,83 <\/strong>tonnellate<strong> (82%) <\/strong>relative ai<strong> rifiuti non pericolosi<\/strong>.[\/vc_column_text][\/vc_column_inner][vc_column_inner el_class=&#8221;bg-form&#8221; width=&#8221;1\/2&#8243;][vc_column_text css=&#8221;&#8221;]<\/p>\n<h3>RIFIUTI GENERATI<\/h3>\n<h5 style=\"color: #5aa3d0; display: inline;\">1.245,82 <small>TON<\/small><\/h5>\n<p>&nbsp;<\/p>\n<h5 style=\"color: #5aa3d0;\">71<small>%<\/small><\/h5>\n<p>Riciclo e recupero<\/p>\n<h5><span style=\"color: #5aa3d0;\">29<small>%<\/small><\/span><\/h5>\n<p>Smaltimento[\/vc_column_text][\/vc_column_inner][\/vc_row_inner][\/vc_tta_section][vc_tta_section title=&#8221;SOCIAL&#8221; tab_id=&#8221;1710240362001-392f5d82-218b&#8221; el_class=&#8221;social-1&#8243;][vc_row_inner][vc_column_inner width=&#8221;1\/2&#8243;][vc_column_text css=&#8221;&#8221;]<strong>L\u2019attenzione e il commitment costante al capitale umano<\/strong> sono i pilastri fondanti su cui Avio ha definito un piano di sviluppo teso alla <strong>valorizzazione delle qualit\u00e0 e delle competenze<\/strong>, sulla base di specifici processi di selezione, formazione, gestione e politiche di remunerazione.<\/p>\n<p>In questo senso, Avio si impegna a:<\/p>\n<ul>\n<li><span style=\"color: #ffcc00;\"><strong>diventare<\/strong> <\/span>un punto di riferimento europeo per i talenti del settore aerospaziale attraverso il potenziamento della crescita delle competenze e del welfare aziendale;<\/li>\n<li><span style=\"color: #ffcc00;\"><strong>promuovere<\/strong> <\/span>i pi\u00f9 elevati standard di salute e sicurezza nel pieno rispetto delle norme nazionali ed internazionali, sia al proprio interno sia lungo la propria catena del valore;<\/li>\n<li><span style=\"color: #ffcc00;\"><strong>promuovere<\/strong> <\/span>la parit\u00e0 di genere in conformit\u00e0 a quanto disposto dalla norma ISO 30415:2021;<\/li>\n<li><span style=\"color: #ffcc00;\"><strong>favorire<\/strong> <\/span>una crescita aziendale orientata alla diversit\u00e0 e alla valorizzazione delle persone.<\/li>\n<\/ul>\n<p>[\/vc_column_text][\/vc_column_inner][vc_column_inner el_class=&#8221;bg-form&#8221; width=&#8221;1\/2&#8243;][vc_column_text css=&#8221;&#8221;]<\/p>\n<h3>NUMERO DEI DIPENDENTI IN AVIO<\/h3>\n<p>Al 31 dicembre 2023 il numero totale dei dipendenti del Gruppo Avio \u00e8 pari a 1.256, di cui 1.117 in Italia. 221 assunti nell\u2019anno (157 nel 2022) a dimostrazione della crescita del Gruppo (207 in Italia).<\/p>\n<h5><span style=\"color: #5aa3d0;\"><strong>1.256 <small>(+221)<\/small><\/strong><\/span><\/h5>\n<p>2023<\/p>\n<p style=\"margin-bottom: 0;\">Di cui<\/p>\n<h5><span style=\"color: #5aa3d0;\"><strong>1.117<\/strong><\/span><\/h5>\n<p>in Italia<\/p>\n<p>&nbsp;<\/p>\n<h4><strong>PRESENZA FEMMINILE IN AVIO<\/strong><\/h4>\n<h5><span style=\"color: #5aa3d0;\"><strong>189<\/strong><\/span><\/h5>\n<p>al 31 dicembre 2023<\/p>\n<h5><span style=\"color: #5aa3d0;\"><strong>172<\/strong><\/span><\/h5>\n<p>al 31 dicembre 2022<\/p>\n<h5><span style=\"color: #5aa3d0;\"><strong>+18%<\/strong><\/span><\/h5>\n<p>del totale dei dipendenti[\/vc_column_text][\/vc_column_inner][\/vc_row_inner][\/vc_tta_section][vc_tta_section title=&#8221;GOVERNANCE&#8221; tab_id=&#8221;1710240362062-14e85a1a-b582&#8243; el_class=&#8221;gov-1&#8243;][vc_row_inner][vc_column_inner][vc_column_text css_animation=&#8221;fadeIn&#8221; css=&#8221;&#8221;]<\/p>\n<h3>STRUTTURA SOCIETARIA E AZIONARIATO<\/h3>\n<p>Il sistema di <em>Corporate Governance<\/em> di Avio \u00e8 caratterizzato dal ruolo centrale attribuito al Consiglio di Amministrazione e ai Comitati (Comitato Sostenibilit\u00e0, Controllo e Rischi, Nomine e Compensi, Pianificazione e Scenari, nonch\u00e8 Organismo di Vigilanza e Collegio Sindacale).<\/p>\n<p>&nbsp;<\/p>\n<h3>Avio \u00e8:<\/h3>\n<ul>\n<li>tra le 148 societ\u00e0 che pubblicano la <strong>DNF<\/strong>;<\/li>\n<li>tra le 15 societ\u00e0 che pubblicano il <strong>Rapporto Integrato<\/strong>;<\/li>\n<li>tra le 30 societ\u00e0 che inserisce la <strong>DNF all\u2019interno della Relazione sulla Gestione<\/strong>;<\/li>\n<li>tra le 74 societ\u00e0 che hanno coinvolto il <strong>CDA<\/strong> nel processo di analisi di materialit\u00e0;<\/li>\n<li>tra le 8 societ\u00e0 che hanno assoggettato <strong>l\u2019approvazione dell\u2019analisi di materialit\u00e0 ad un comitato endoconsiliare<\/strong>.<\/li>\n<\/ul>\n<p>In merito alle politiche di genere, Avio ha formalizzato un \u201cPiano di Comunicazione\u201d per condividere i propri impegni sulla parit\u00e0 di genere con tutte le parti interessate, interne ed esterne.<\/p>\n<p>Scarica il documento della <a href=\"https:\/\/avio-sostenibilita2022.withub.it\/wp-content\/uploads\/2025\/01\/Politica-parita-di-genere_-DEF_13.12.pdf\" target=\"_blank\" rel=\"noopener\"><strong>POLITICA DI PARITA\u2019 DI GENERE DI AVIO S.p.A.<\/strong><\/a>[\/vc_column_text][\/vc_column_inner][\/vc_row_inner][\/vc_tta_section][\/vc_tta_accordion][vc_empty_space][\/vc_column][vc_column width=&#8221;1\/12&#8243;][\/vc_column][\/vc_row]<\/p>\n<\/div>","protected":false},"excerpt":{"rendered":"<p>[vc_row full_width=&#8221;stretch_row&#8221; el_id=&#8221;home&#8221; css=&#8221;.vc_custom_1714123586443{background-image: url(https:\/\/avio-sostenibilita2022.withub.it\/wp-content\/uploads\/2024\/03\/bg_2.jpg?id=133) !important;}&#8221;][vc_column][vc_row_inner][vc_column_inner][vc_empty_space height=&#8221;64px&#8221;][vc_column_text el_class=&#8221;title&#8221;] Dichiarazione Consolidata di carattere non finanziario 2023 [\/vc_column_text][\/vc_column_inner][\/vc_row_inner][\/vc_column][\/vc_row][vc_row css_animation=&#8221;fadeInUp&#8221; el_class=&#8221;text-obiettivi&#8221; el_id=&#8221;obiettivi&#8221;][vc_column][vc_empty_space height=&#8221;64px&#8221;][vc_column_text] Gli obiettivi [\/vc_column_text][vc_row_inner][vc_column_inner width=&#8221;1\/12&#8243;][\/vc_column_inner][vc_column_inner width=&#8221;5\/12&#8243;][vc_column_text css=&#8221;&#8221;]La Dichiarazione Consolidata di carattere &#8230;<\/p>\n","protected":false},"author":1,"featured_media":0,"parent":0,"menu_order":0,"comment_status":"closed","ping_status":"closed","template":"","meta":{"footnotes":""},"class_list":["post-2","page","type-page","status-publish","hentry"],"_links":{"self":[{"href":"https:\/\/avio-sostenibilita2022.withub.it\/it\/wp-json\/wp\/v2\/pages\/2","targetHints":{"allow":["GET"]}}],"collection":[{"href":"https:\/\/avio-sostenibilita2022.withub.it\/it\/wp-json\/wp\/v2\/pages"}],"about":[{"href":"https:\/\/avio-sostenibilita2022.withub.it\/it\/wp-json\/wp\/v2\/types\/page"}],"author":[{"embeddable":true,"href":"https:\/\/avio-sostenibilita2022.withub.it\/it\/wp-json\/wp\/v2\/users\/1"}],"replies":[{"embeddable":true,"href":"https:\/\/avio-sostenibilita2022.withub.it\/it\/wp-json\/wp\/v2\/comments?post=2"}],"version-history":[{"count":238,"href":"https:\/\/avio-sostenibilita2022.withub.it\/it\/wp-json\/wp\/v2\/pages\/2\/revisions"}],"predecessor-version":[{"id":377,"href":"https:\/\/avio-sostenibilita2022.withub.it\/it\/wp-json\/wp\/v2\/pages\/2\/revisions\/377"}],"wp:attachment":[{"href":"https:\/\/avio-sostenibilita2022.withub.it\/it\/wp-json\/wp\/v2\/media?parent=2"}],"curies":[{"name":"wp","href":"https:\/\/api.w.org\/{rel}","templated":true}]}}